{"id":12,"date":"2022-11-13T11:37:48","date_gmt":"2022-11-13T10:37:48","guid":{"rendered":"https:\/\/drmgy.eu\/?page_id=12"},"modified":"2022-11-24T12:33:29","modified_gmt":"2022-11-24T11:33:29","slug":"bemutatkozas","status":"publish","type":"page","link":"https:\/\/drmgy.eu\/","title":{"rendered":"Bemutatkoz\u00e1s"},"content":{"rendered":"<p><a href=\"https:\/\/drmgy.eu\/wp-content\/uploads\/2022\/11\/drmgy1.jpeg\"><img decoding=\"async\" loading=\"lazy\" class=\"alignleft size-medium wp-image-103\" src=\"https:\/\/drmgy.eu\/wp-content\/uploads\/2022\/11\/drmgy1-300x294.jpeg\" alt=\"\" width=\"300\" height=\"294\" srcset=\"https:\/\/drmgy.eu\/wp-content\/uploads\/2022\/11\/drmgy1-300x294.jpeg 300w, https:\/\/drmgy.eu\/wp-content\/uploads\/2022\/11\/drmgy1-1024x1005.jpeg 1024w, https:\/\/drmgy.eu\/wp-content\/uploads\/2022\/11\/drmgy1-768x753.jpeg 768w, https:\/\/drmgy.eu\/wp-content\/uploads\/2022\/11\/drmgy1-1536x1507.jpeg 1536w, https:\/\/drmgy.eu\/wp-content\/uploads\/2022\/11\/drmgy1.jpeg 1896w\" sizes=\"(max-width: 300px) 100vw, 300px\" \/><\/a>Engedj\u00e9k meg, hogy bemutatkozzak: dr. Moln\u00e1r Gy\u00f6rgy vagyok. Jog\u00e1sz. Jogi tanulm\u00e1nyaimat a P\u00e9csi Tudom\u00e1nyegyetem \u00c1llam- \u00e9s Jogtudom\u00e1nyi Kar\u00e1n v\u00e9geztem \u00e9s itt is szereztem meg a diplom\u00e1mat. Az alap jogi k\u00e9pz\u00e9sen t\u00fal munkajogi szakjog\u00e1szi \u00e9s gazdas\u00e1gi b\u00fcntet\u0151jogi szakjog\u00e1szi k\u00e9pes\u00edt\u00e9st is szereztem. \u00cdgy jogosult v\u00e1ltam a \u201elegum magister\u201d c\u00edm haszn\u00e1lat\u00e1ra.<\/p>\n<p>P\u00e1ly\u00e1m sor\u00e1n t\u00f6bb mint h\u00fasz esztend\u0151t t\u00f6lt\u00f6ttem el a k\u00f6zigazgat\u00e1s k\u00fcl\u00f6nb\u00f6z\u0151 szintjein. A k\u00f6zigazgat\u00e1sban t\u00f6lt\u00f6tt \u00e9vek alatt saj\u00e1t tud\u00e1sommal jutottam el az \u00fcgyint\u00e9z\u0151i munkak\u00f6rb\u0151l oszt\u00e1lyvezet\u0151i, majd v\u00e9g\u00fcl hivatalvezet\u0151i poz\u00edci\u00f3ba. \u00cdgy teh\u00e1t gyakorlatb\u00f3l ismerem az \u00fcgyint\u00e9z\u0151k munk\u00e1j\u00e1t is, de a vezet\u0151i munkak\u00f6rb\u0151l ad\u00f3d\u00f3 probl\u00e9m\u00e1kat \u00e9s neh\u00e9zs\u00e9geket is megismertem \u00e9s megk\u00fczd\u00f6ttem. A leghosszabb id\u0151t Dunakeszin t\u00f6lt\u00f6ttem a polg\u00e1rmesteri hivatalban. Itt 11 \u00e9ven \u00e1t l\u00e1ttam el a jegyz\u0151i feladatokat. E munkak\u00f6rben sz\u00e9lesk\u00f6r\u0171 szakmai ismereteket \u00e9s elismerts\u00e9get szereztem p\u00e1lyat\u00e1rsaim k\u00f6r\u00e9ben. Mind k\u00f6zigazgat\u00e1si, mind jogi szakvizsg\u00e1val is rendelkezem.<\/p>\n<p>A munk\u00e1val t\u00f6lt\u00f6tt id\u0151 alatt sok jogi szakmai probl\u00e9ma megold\u00e1s\u00e1t kellett megtal\u00e1lnom. Mostanra \u00e9rett meg bennem a gondolat, hogy a megszerzett ismereteimet \u00e9s szakmai gyakorlatomat megpr\u00f3b\u00e1lom sz\u00e9lesebb k\u00f6rben is hasznoss\u00e1 tenni, nem csup\u00e1n egyetlen \u00f6nkorm\u00e1nyzat \u00e9rdek\u00e9ben szeretn\u00e9k dolgozni. Ez\u00e9rt sz\u00e1ntam r\u00e1 magamat, hogy szakmai tan\u00e1csad\u00e1ssal kezdjek el foglalkozni.<\/p>\n<p>Joggal mer\u00fclhet fel a k\u00e9rd\u00e9s, hogy mi\u00e9rt d\u00f6nt\u00f6ttem \u00edgy?&nbsp; Egyr\u00e9szt az\u00e9rt, mert a hivatalban t\u00f6lt\u00f6tt \u00e9vek alatt nem csup\u00e1n a sz\u00e9p, hanem az \u00e1rnyoldalait is testk\u00f6zelb\u0151l tapasztalhattam. A b\u00fcr\u00f6kr\u00e1cia nem minden esetben t\u00f6rekszik az egyszer\u0171, hat\u00e9kony megold\u00e1sokra, s\u0151t gyakran &#8211; jog\u00e9rtelmez\u00e9si probl\u00e9m\u00e1kb\u00f3l ad\u00f3d\u00f3an &#8211; jogs\u00e9rt\u00e9seket is elk\u00f6vet az elj\u00e1r\u00e1saiban, ami sokszor nem is v\u00e1lik ismertt\u00e9 az \u00fcgyfelek sz\u00e1m\u00e1ra. M\u00e1sr\u00e9szt az\u00e9rt, mert amikor valaki egy szervezet r\u00e9szek\u00e9nt dolgozik, akkor term\u00e9szetess\u00e9 v\u00e1lik sz\u00e1m\u00e1ra egy csom\u00f3 olyan elj\u00e1r\u00e1s, folyamat, ami valamikor valahogyan kialakult. M\u00e1r nem is figyel oda, hogy ezek a rutinok mennyire id\u0151szer\u0171ek, mennyire felelnek meg a gyakran v\u00e1ltoz\u00f3 jogszab\u00e1lyi k\u00f6rnyezetnek.&nbsp; \u00c9s ezekb\u0151l a megszok\u00e1sokb\u00f3l m\u00e9g akkor is nehezen enged az ember, ha m\u00e1r elavult, vagy esetleg a megv\u00e1ltozott jogszab\u00e1lyi rendelkez\u00e9seknek nem felel meg. De azzal a helyzettel is t\u00f6bbsz\u00f6r tal\u00e1lkoztam, amikor \u00f6nmaga a hivatali szervezet avult el, v\u00e1lt gazdas\u00e1gtalann\u00e1 a m\u0171k\u00f6d\u00e9se. Sokszor ezeket a probl\u00e9m\u00e1kat gyorsan \u00e9s hat\u00e9konyan lehet orvosolni, ha van valaki, aki r\u00e1vil\u00e1g\u00edt arra, hogy hol a gond.<\/p>\n<p>Fontos figyelmet ford\u00edtani azokra az \u00fcgyfelekre is, akik napi szinten az egyszer\u0171bb vagy bonyolultabb probl\u00e9m\u00e1ikkal keresik fel a hat\u00f3s\u00e1gokat. Szakmai ismereteik hi\u00e1ny\u00e1ban gyakran csak verg\u0151dnek a jog \u00fatveszt\u0151j\u00e9ben \u00e9s nem, vagy csak r\u00e9szben \u00e9rtik meg, hogy mi \u00e9s mi\u00e9rt t\u00f6rt\u00e9nik \u00fagy, ahogyan azzal szembe tal\u00e1lj\u00e1k magukat. Sz\u00e1mukra is szeretn\u00e9k seg\u00edts\u00e9get ny\u00fajtani, t\u00f6rekedve arra, hogy az \u00fcgyfelek ne csak a probl\u00e9m\u00e1t gener\u00e1l\u00f3 b\u00fcrokr\u00e1ci\u00e1t l\u00e1ss\u00e1k, hanem legal\u00e1bb alapszinten meg\u00e9rts\u00e9k azt, ahogyan ezek a rendszerek m\u0171k\u00f6dnek. Term\u00e9szetesen, ha sz\u00fcks\u00e9ges, akkor egyedi \u00fcgyekben is sz\u00edvesen \u00e1llok rendelkez\u00e9sre.<\/p>\n<p>B\u00edzom benne, hogy hamarosan tal\u00e1lkozhatunk \u00e9s seg\u00edthetek a probl\u00e9m\u00e1ja megold\u00e1s\u00e1ban! Amennyiben felkeltettem az \u00e9rdekl\u0151d\u00e9s\u00e9t, akkor szolg\u00e1ltat\u00e1saimr\u00f3l a <a href=\"https:\/\/drmgy.eu\/index.php\/tanacsadas\/\">SZOLG\u00c1LTAT\u00c1SAIM<\/a> men\u00fcpontban olvashat r\u00e9szletesebben.<\/p>\n<p>dr. Moln\u00e1r Gy\u00f6rgy LL.M.<\/p>\n","protected":false},"excerpt":{"rendered":"<p>Engedj\u00e9k meg, hogy bemutatkozzak: dr. Moln\u00e1r Gy\u00f6rgy vagyok. Jog\u00e1sz. Jogi tanulm\u00e1nyaimat a P\u00e9csi Tudom\u00e1nyegyetem \u00c1llam-&#8230;<\/p>\n","protected":false},"author":1,"featured_media":0,"parent":0,"menu_order":0,"comment_status":"closed","ping_status":"closed","template":"","meta":{"om_disable_all_campaigns":false,"_mi_skip_tracking":false,"_monsterinsights_sitenote_active":false,"_monsterinsights_sitenote_note":"","_monsterinsights_sitenote_category":0},"aioseo_notices":[],"_links":{"self":[{"href":"https:\/\/drmgy.eu\/index.php\/wp-json\/wp\/v2\/pages\/12"}],"collection":[{"href":"https:\/\/drmgy.eu\/index.php\/wp-json\/wp\/v2\/pages"}],"about":[{"href":"https:\/\/drmgy.eu\/index.php\/wp-json\/wp\/v2\/types\/page"}],"author":[{"embeddable":true,"href":"https:\/\/drmgy.eu\/index.php\/wp-json\/wp\/v2\/users\/1"}],"replies":[{"embeddable":true,"href":"https:\/\/drmgy.eu\/index.php\/wp-json\/wp\/v2\/comments?post=12"}],"version-history":[{"count":18,"href":"https:\/\/drmgy.eu\/index.php\/wp-json\/wp\/v2\/pages\/12\/revisions"}],"predecessor-version":[{"id":112,"href":"https:\/\/drmgy.eu\/index.php\/wp-json\/wp\/v2\/pages\/12\/revisions\/112"}],"wp:attachment":[{"href":"https:\/\/drmgy.eu\/index.php\/wp-json\/wp\/v2\/media?parent=12"}],"curies":[{"name":"wp","href":"https:\/\/api.w.org\/{rel}","templated":true}]}}